{"id":652,"date":"2025-05-22T10:57:36","date_gmt":"2025-05-22T08:57:36","guid":{"rendered":"http:\/\/localhost\/sitekbe\/?page_id=652"},"modified":"2025-06-25T21:24:16","modified_gmt":"2025-06-25T19:24:16","slug":"classements","status":"publish","type":"page","link":"https:\/\/www.sitekbe.com\/2025\/classements\/","title":{"rendered":"Classements &#8211; [gcc_current_race]"},"content":{"rendered":"<section class=\"fw-main-row \"  >\n\t<div class=\"fw-container\">\n\t\t<div class=\"fw-row\">\n\t<div class=\"fw-col-xs-12\">\n\t<p><!-- wp:paragraph --><\/p><p>    <div class=\"etape-grid\">\n                    <div class=\"etape-container\" style=\"background-image: url('');\">\n                <div class=\"etape-content\">\n                    <span class=\"etape-nom\">\u00c9TAPE 1 : Tour du Pays du Roi Morvan Communaut\u00e9<\/span>\n                    <p>192.5 km<\/p>\n                                            <a href=\"https:\/\/www.sitekbe.com\/2025\/classement\/?etape_id=7\" class=\"gcc-button\">\n                            Voir les classements de l'\u00e9tape\n                        <\/a>\n                                                        <\/div>\n            <\/div>\n       \n                    <div class=\"etape-container\" style=\"background-image: url('');\">\n                <div class=\"etape-content\">\n                    <span class=\"etape-nom\">\u00c9TAPE 2 : Tour International de Poher Communaut\u00e9<\/span>\n                    <p>161.3 km<\/p>\n                                            <a href=\"https:\/\/www.sitekbe.com\/2025\/classement\/?etape_id=8\" class=\"gcc-button\">\n                            Voir les classements de l'\u00e9tape\n                        <\/a>\n                                                        <\/div>\n            <\/div>\n       \n                    <div class=\"etape-container\" style=\"background-image: url('');\">\n                <div class=\"etape-content\">\n                    <span class=\"etape-nom\">\u00c9TAPE 3 : Tour International de la CCKB<\/span>\n                    <p>181.8 km<\/p>\n                                            <a href=\"https:\/\/www.sitekbe.com\/2025\/classement\/?etape_id=9\" class=\"gcc-button\">\n                            Voir les classements de l'\u00e9tape\n                        <\/a>\n                                                        <\/div>\n            <\/div>\n       \n            <\/div>\n    <style>\n        .etape-grid {\n            display: grid;\n            grid-template-columns: repeat(3, 1fr);\n            gap: 20px;\n            padding: 20px;\n        }\n\n        @media(max-width:480px) {\n            .etape-grid {\n                grid-template-columns: repeat(1, 1fr);\n            }\n        }\n        .etape-container {\n            position: relative;\n            width: 100%;\n            background-size: cover;\n            background-position: center;\n            display: flex;\n            align-items: center;\n            justify-content: center;\n            border-radius: 5px;\n            box-shadow: 0 0 10px rgba(0, 0, 0, 0.1);\n        }\n        .etape-content {\n            background: rgba(100, 93, 86, 0.7);\n            color: white;\n            padding: 10px;\n            text-align: center;\n            border-radius: 5px;\n            line-height: 30px;\n            margin: 20px;\n            width: 100%;\n        }\n        .course-nom {\n            display: block;\n            font-weight: bold;\n            margin-bottom: 5px;\n            color:rgb(255, 255, 255);\n            font-size: 1.2em;\n        }\n        .etape-nom {\n            display: block;\n            font-weight: bold;\n            margin-bottom: 5px;\n            color:rgb(255, 255, 255);\n            font-size: 1.4em;\n        }\n        .no-results {\n            display: inline-block;\n            padding: 8px 16px;\n            background-color: #645D56;\n            color: white;\n            border-radius: 4px;\n            font-style: italic;\n        }\n        .pdf-button {\n            background-color: #e74c3c;\n            margin-top: 10px;\n        }\n        .pdf-button:hover {\n            background-color: #c0392b;\n        }\n    <\/style>\n    <\/p><p><!-- \/wp:paragraph --><\/p><\/div>\n<\/div>\n\n\t<\/div>\n<\/section>\n\n","protected":false},"excerpt":{"rendered":"<p>\u00c9TAPE 1 : Tour du Pays du Roi Morvan Communaut\u00e9 192.5 km Voir les classements de l&rsquo;\u00e9tape \u00c9TAPE 2 : [&hellip;]<\/p>\n","protected":false},"author":1,"featured_media":0,"parent":0,"menu_order":0,"comment_status":"closed","ping_status":"closed","template":"","meta":{"_sitemap_exclude":false,"_sitemap_priority":"","_sitemap_frequency":"","site-sidebar-layout":"default","site-content-layout":"","ast-site-content-layout":"default","site-content-style":"default","site-sidebar-style":"default","ast-global-header-display":"","ast-banner-title-visibility":"","ast-main-header-display":"","ast-hfb-above-header-display":"","ast-hfb-below-header-display":"","ast-hfb-mobile-header-display":"","site-post-title":"","ast-breadcrumbs-content":"","ast-featured-img":"","footer-sml-layout":"","ast-disable-related-posts":"","theme-transparent-header-meta":"","adv-header-id-meta":"","stick-header-meta":"","header-above-stick-meta":"","header-main-stick-meta":"","header-below-stick-meta":"","astra-migrate-meta-layouts":"default","ast-page-background-enabled":"default","ast-page-background-meta":{"desktop":{"background-color":"var(--ast-global-color-5)","background-image":"","background-repeat":"repeat","background-position":"center center","background-size":"auto","background-attachment":"scroll","background-type":"","background-media":"","overlay-type":"","overlay-color":"","overlay-opacity":"","overlay-gradient":""},"tablet":{"background-color":"","background-image":"","background-repeat":"repeat","background-position":"center center","background-size":"auto","background-attachment":"scroll","background-type":"","background-media":"","overlay-type":"","overlay-color":"","overlay-opacity":"","overlay-gradient":""},"mobile":{"background-color":"","background-image":"","background-repeat":"repeat","background-position":"center center","background-size":"auto","background-attachment":"scroll","background-type":"","background-media":"","overlay-type":"","overlay-color":"","overlay-opacity":"","overlay-gradient":""}},"ast-content-background-meta":{"desktop":{"background-color":"var(--ast-global-color-4)","background-image":"","background-repeat":"repeat","background-position":"center center","background-size":"auto","background-attachment":"scroll","background-type":"","background-media":"","overlay-type":"","overlay-color":"","overlay-opacity":"","overlay-gradient":""},"tablet":{"background-color":"var(--ast-global-color-4)","background-image":"","background-repeat":"repeat","background-position":"center center","background-size":"auto","background-attachment":"scroll","background-type":"","background-media":"","overlay-type":"","overlay-color":"","overlay-opacity":"","overlay-gradient":""},"mobile":{"background-color":"var(--ast-global-color-4)","background-image":"","background-repeat":"repeat","background-position":"center center","background-size":"auto","background-attachment":"scroll","background-type":"","background-media":"","overlay-type":"","overlay-color":"","overlay-opacity":"","overlay-gradient":""}},"footnotes":""},"class_list":["post-652","page","type-page","status-publish","hentry"],"_links":{"self":[{"href":"https:\/\/www.sitekbe.com\/2025\/wp-json\/wp\/v2\/pages\/652","targetHints":{"allow":["GET"]}}],"collection":[{"href":"https:\/\/www.sitekbe.com\/2025\/wp-json\/wp\/v2\/pages"}],"about":[{"href":"https:\/\/www.sitekbe.com\/2025\/wp-json\/wp\/v2\/types\/page"}],"author":[{"embeddable":true,"href":"https:\/\/www.sitekbe.com\/2025\/wp-json\/wp\/v2\/users\/1"}],"replies":[{"embeddable":true,"href":"https:\/\/www.sitekbe.com\/2025\/wp-json\/wp\/v2\/comments?post=652"}],"version-history":[{"count":0,"href":"https:\/\/www.sitekbe.com\/2025\/wp-json\/wp\/v2\/pages\/652\/revisions"}],"wp:attachment":[{"href":"https:\/\/www.sitekbe.com\/2025\/wp-json\/wp\/v2\/media?parent=652"}],"curies":[{"name":"wp","href":"https:\/\/api.w.org\/{rel}","templated":true}]}}