{"id":638,"date":"2025-05-22T09:52:31","date_gmt":"2025-05-22T07:52:31","guid":{"rendered":"http:\/\/localhost\/sitekbe\/?page_id=638"},"modified":"2025-07-07T21:50:42","modified_gmt":"2025-07-07T19:50:42","slug":"parcours","status":"publish","type":"page","link":"https:\/\/www.sitekbe.com\/2025\/parcours\/","title":{"rendered":"Parcours &#8211; [gcc_current_race]"},"content":{"rendered":"<section class=\"fw-main-row \"  >\n\t<div class=\"fw-container\">\n\t\t<div class=\"fw-row\">\n\t<div class=\"fw-col-xs-12\">\n\t<p>    <div class=\"etape-course-encart\" style=\"max-width:900px;margin:0 auto 30px auto;\">\n                                    <div class=\"etape-course-media\" style=\"text-align:center;margin-bottom:15px;\">\n                    <video controls style=\"max-width:100%;border-radius:8px;box-shadow:0 2px 8px rgba(0,0,0,0.08);\">\n                        <source src=\"https:\/\/www.sitekbe.com\/2025\/wp-content\/uploads\/2025\/07\/ANIM-KBE-2025-1.mp4\">\n                        Votre navigateur ne supporte pas la vid\u00e9o.\n                    <\/video>\n                <\/div>\n                                        <div class=\"etape-course-gpx\" style=\"text-align:center;margin-bottom:20px;\">\n                    <a href=\"https:\/\/www.sitekbe.com\/2025\/wp-content\/uploads\/2025\/07\/KBE_2025_Parcours-2.zip\" class=\"gcc-button\" download>T\u00e9l\u00e9charger le parcours<\/a>\n                <\/div>\n                        <\/div>\n    <div class=\"etape-grid\">\n                    <div class=\"etape-container\" style=\"background-image: url('https:\/\/www.sitekbe.com\/2025\/wp-content\/uploads\/2025\/06\/KBE-E1-2.jpg');\">\n                <div class=\"etape-content\">\n                    <span class=\"etape-nom\">\u00c9TAPE 1 : Tour du Pays du Roi Morvan Communaut\u00e9<\/span>\n                    <p>192.5 km<\/p>\n                    <a href=\"https:\/\/www.sitekbe.com\/2025\/etape\/?etape_id=7\" class=\"gcc-button\">\n                        Voir les d\u00e9tails\n                    <\/a>\n                <\/div>\n            <\/div>\n                    <div class=\"etape-container\" style=\"background-image: url('https:\/\/www.sitekbe.com\/2025\/wp-content\/uploads\/2025\/06\/KBE-E2.jpg');\">\n                <div class=\"etape-content\">\n                    <span class=\"etape-nom\">\u00c9TAPE 2 : Tour International de Poher Communaut\u00e9<\/span>\n                    <p>161.3 km<\/p>\n                    <a href=\"https:\/\/www.sitekbe.com\/2025\/etape\/?etape_id=8\" class=\"gcc-button\">\n                        Voir les d\u00e9tails\n                    <\/a>\n                <\/div>\n            <\/div>\n                    <div class=\"etape-container\" style=\"background-image: url('https:\/\/www.sitekbe.com\/2025\/wp-content\/uploads\/2025\/06\/KBE-E3.jpg');\">\n                <div class=\"etape-content\">\n                    <span class=\"etape-nom\">\u00c9TAPE 3 : Tour International de la CCKB<\/span>\n                    <p>181.8 km<\/p>\n                    <a href=\"https:\/\/www.sitekbe.com\/2025\/etape\/?etape_id=9\" class=\"gcc-button\">\n                        Voir les d\u00e9tails\n                    <\/a>\n                <\/div>\n            <\/div>\n            <\/div>\n    <style>\n        .etape-grid {\n            display: grid;\n            grid-template-columns: repeat(3, 1fr);\n            gap: 20px;\n            padding: 20px;\n        }\n\n        @media(max-width:480px) {\n            .etape-grid {\n                grid-template-columns: repeat(1, 1fr);\n            }\n        }\n        .etape-container {\n            position: relative;\n            width: 100%;\n            background-size: cover;\n            background-position: center;\n            display: flex;\n            align-items: center;\n            justify-content: center;\n            border-radius: 5px;\n            box-shadow: 0 0 10px rgba(0, 0, 0, 0.1);\n        }\n        .etape-content {\n            background: rgba(100, 93, 86, 0.7);\n            color: white;\n            padding: 10px;\n            text-align: center;\n            border-radius: 5px;\n            line-height: 30px;\n            margin: 20px;\n            width: 100%;\n        }\n        .course-nom {\n            display: block;\n            font-weight: bold;\n            margin-bottom: 5px;\n            color:rgb(255, 255, 255);\n            font-size: 1.2em;\n        }\n        .etape-nom {\n            display: block;\n            font-weight: bold;\n            margin-bottom: 5px;\n            color:rgb(255, 255, 255);\n            font-size: 1.4em;\n        }\n\n        .breadcrumb .gcc-button {\n            background-color: #005D66;\n            color: white;\n            padding: 10px 20px;\n            border-radius: 4px;\n            text-decoration: none;\n            transition: background-color 0.3s ease;\n        }\n\n        .breadcrumb .gcc-button:hover {\n            background-color: #645D56;\n        }\n    <\/style>\n    <\/p><\/div>\n<\/div>\n\n\t<\/div>\n<\/section>\n\n","protected":false},"excerpt":{"rendered":"<p>Votre navigateur ne supporte pas la vid\u00e9o. T\u00e9l\u00e9charger le parcours \u00c9TAPE 1 : Tour du Pays du Roi Morvan Communaut\u00e9 [&hellip;]<\/p>\n","protected":false},"author":1,"featured_media":0,"parent":0,"menu_order":0,"comment_status":"closed","ping_status":"closed","template":"","meta":{"_sitemap_exclude":false,"_sitemap_priority":"","_sitemap_frequency":"","site-sidebar-layout":"default","site-content-layout":"","ast-site-content-layout":"default","site-content-style":"default","site-sidebar-style":"default","ast-global-header-display":"","ast-banner-title-visibility":"","ast-main-header-display":"","ast-hfb-above-header-display":"","ast-hfb-below-header-display":"","ast-hfb-mobile-header-display":"","site-post-title":"","ast-breadcrumbs-content":"","ast-featured-img":"","footer-sml-layout":"","ast-disable-related-posts":"","theme-transparent-header-meta":"","adv-header-id-meta":"","stick-header-meta":"","header-above-stick-meta":"","header-main-stick-meta":"","header-below-stick-meta":"","astra-migrate-meta-layouts":"default","ast-page-background-enabled":"default","ast-page-background-meta":{"desktop":{"background-color":"var(--ast-global-color-5)","background-image":"","background-repeat":"repeat","background-position":"center center","background-size":"auto","background-attachment":"scroll","background-type":"","background-media":"","overlay-type":"","overlay-color":"","overlay-opacity":"","overlay-gradient":""},"tablet":{"background-color":"","background-image":"","background-repeat":"repeat","background-position":"center center","background-size":"auto","background-attachment":"scroll","background-type":"","background-media":"","overlay-type":"","overlay-color":"","overlay-opacity":"","overlay-gradient":""},"mobile":{"background-color":"","background-image":"","background-repeat":"repeat","background-position":"center center","background-size":"auto","background-attachment":"scroll","background-type":"","background-media":"","overlay-type":"","overlay-color":"","overlay-opacity":"","overlay-gradient":""}},"ast-content-background-meta":{"desktop":{"background-color":"var(--ast-global-color-4)","background-image":"","background-repeat":"repeat","background-position":"center center","background-size":"auto","background-attachment":"scroll","background-type":"","background-media":"","overlay-type":"","overlay-color":"","overlay-opacity":"","overlay-gradient":""},"tablet":{"background-color":"var(--ast-global-color-4)","background-image":"","background-repeat":"repeat","background-position":"center center","background-size":"auto","background-attachment":"scroll","background-type":"","background-media":"","overlay-type":"","overlay-color":"","overlay-opacity":"","overlay-gradient":""},"mobile":{"background-color":"var(--ast-global-color-4)","background-image":"","background-repeat":"repeat","background-position":"center center","background-size":"auto","background-attachment":"scroll","background-type":"","background-media":"","overlay-type":"","overlay-color":"","overlay-opacity":"","overlay-gradient":""}},"footnotes":""},"class_list":["post-638","page","type-page","status-publish","hentry"],"_links":{"self":[{"href":"https:\/\/www.sitekbe.com\/2025\/wp-json\/wp\/v2\/pages\/638","targetHints":{"allow":["GET"]}}],"collection":[{"href":"https:\/\/www.sitekbe.com\/2025\/wp-json\/wp\/v2\/pages"}],"about":[{"href":"https:\/\/www.sitekbe.com\/2025\/wp-json\/wp\/v2\/types\/page"}],"author":[{"embeddable":true,"href":"https:\/\/www.sitekbe.com\/2025\/wp-json\/wp\/v2\/users\/1"}],"replies":[{"embeddable":true,"href":"https:\/\/www.sitekbe.com\/2025\/wp-json\/wp\/v2\/comments?post=638"}],"version-history":[{"count":0,"href":"https:\/\/www.sitekbe.com\/2025\/wp-json\/wp\/v2\/pages\/638\/revisions"}],"wp:attachment":[{"href":"https:\/\/www.sitekbe.com\/2025\/wp-json\/wp\/v2\/media?parent=638"}],"curies":[{"name":"wp","href":"https:\/\/api.w.org\/{rel}","templated":true}]}}