{"id":2859,"date":"2026-03-08T16:19:10","date_gmt":"2026-03-08T15:19:10","guid":{"rendered":"https:\/\/www.sitekbe.com\/2025\/?page_id=2859"},"modified":"2026-03-08T18:39:12","modified_gmt":"2026-03-08T17:39:12","slug":"kbh","status":"publish","type":"page","link":"https:\/\/www.sitekbe.com\/2025\/kbh\/","title":{"rendered":"KBH"},"content":{"rendered":"\t\t<div data-elementor-type=\"wp-page\" data-elementor-id=\"2859\" class=\"elementor elementor-2859\" data-elementor-post-type=\"page\">\n\t\t\t\t<div class=\"elementor-element elementor-element-eee7bfd e-con-full e-flex e-con e-parent\" data-id=\"eee7bfd\" data-element_type=\"container\" data-e-type=\"container\" data-settings=\"{&quot;background_background&quot;:&quot;classic&quot;}\">\n\t\t\t\t<div class=\"elementor-element elementor-element-07fb9c6 elementor-widget__width-initial elementor-widget elementor-widget-heading\" data-id=\"07fb9c6\" data-element_type=\"widget\" data-e-type=\"widget\" data-widget_type=\"heading.default\">\n\t\t\t\t<div class=\"elementor-widget-container\">\n\t\t\t\t\t<h2 class=\"elementor-heading-title elementor-size-default\">Kreiz Breizh Handisport<\/h2>\t\t\t\t<\/div>\n\t\t\t\t<\/div>\n\t\t\t\t<\/div>\n\t\t<div class=\"elementor-element elementor-element-181f6c7 e-flex e-con-boxed e-con e-parent\" data-id=\"181f6c7\" data-element_type=\"container\" data-e-type=\"container\">\n\t\t\t\t\t<div class=\"e-con-inner\">\n\t\t\t\t<div class=\"elementor-element elementor-element-f05b0f8 elementor-widget__width-inherit elementor-widget elementor-widget-heading\" data-id=\"f05b0f8\" data-element_type=\"widget\" data-e-type=\"widget\" data-widget_type=\"heading.default\">\n\t\t\t\t<div class=\"elementor-widget-container\">\n\t\t\t\t\t<h2 class=\"elementor-heading-title elementor-size-default\">Pr\u00e9sentation du Kreiz Breizh Handisport 2026<\/h2>\t\t\t\t<\/div>\n\t\t\t\t<\/div>\n\t\t\t\t<div class=\"elementor-element elementor-element-d6806e0 elementor-widget elementor-widget-text-editor\" data-id=\"d6806e0\" data-element_type=\"widget\" data-e-type=\"widget\" data-widget_type=\"text-editor.default\">\n\t\t\t\t<div class=\"elementor-widget-container\">\n\t\t\t\t\t\t\t\t\t<p>D\u00e9couvrez prochainement le parcours du KBH 2026.<\/p>\t\t\t\t\t\t\t\t<\/div>\n\t\t\t\t<\/div>\n\t\t\t\t\t<\/div>\n\t\t\t\t<\/div>\n\t\t<div class=\"elementor-element elementor-element-b8ccaaa e-grid e-con-boxed e-con e-parent\" data-id=\"b8ccaaa\" data-element_type=\"container\" data-e-type=\"container\">\n\t\t\t\t\t<div class=\"e-con-inner\">\n\t\t<div class=\"elementor-element elementor-element-3b69bd9 e-con-full e-flex e-con e-child\" data-id=\"3b69bd9\" data-element_type=\"container\" data-e-type=\"container\">\n\t\t\t\t<div class=\"elementor-element elementor-element-c8420a7 elementor-widget elementor-widget-image\" data-id=\"c8420a7\" data-element_type=\"widget\" data-e-type=\"widget\" data-widget_type=\"image.default\">\n\t\t\t\t<div class=\"elementor-widget-container\">\n\t\t\t\t\t\t\t\t\t\t\t\t\t\t\t<img fetchpriority=\"high\" decoding=\"async\" width=\"1024\" height=\"683\" src=\"https:\/\/www.sitekbe.com\/2025\/wp-content\/uploads\/2026\/03\/167-DSC02117-1024x683.jpg\" class=\"attachment-large size-large wp-image-2909\" alt=\"\" srcset=\"https:\/\/www.sitekbe.com\/2025\/wp-content\/uploads\/2026\/03\/167-DSC02117-1024x683.jpg 1024w, https:\/\/www.sitekbe.com\/2025\/wp-content\/uploads\/2026\/03\/167-DSC02117-300x200.jpg 300w, https:\/\/www.sitekbe.com\/2025\/wp-content\/uploads\/2026\/03\/167-DSC02117-768x512.jpg 768w, https:\/\/www.sitekbe.com\/2025\/wp-content\/uploads\/2026\/03\/167-DSC02117-1536x1024.jpg 1536w, https:\/\/www.sitekbe.com\/2025\/wp-content\/uploads\/2026\/03\/167-DSC02117-2048x1365.jpg 2048w\" sizes=\"(max-width: 1024px) 100vw, 1024px\" \/>\t\t\t\t\t\t\t\t\t\t\t\t\t\t\t<\/div>\n\t\t\t\t<\/div>\n\t\t\t\t<div class=\"elementor-element elementor-element-19a160a elementor-widget elementor-widget-heading\" data-id=\"19a160a\" data-element_type=\"widget\" data-e-type=\"widget\" data-widget_type=\"heading.default\">\n\t\t\t\t<div class=\"elementor-widget-container\">\n\t\t\t\t\t<h2 class=\"elementor-heading-title elementor-size-default\">\u00c9quipes 2026<\/h2>\t\t\t\t<\/div>\n\t\t\t\t<\/div>\n\t\t\t\t<div class=\"elementor-element elementor-element-aecd28e elementor-widget elementor-widget-heading\" data-id=\"aecd28e\" data-element_type=\"widget\" data-e-type=\"widget\" data-widget_type=\"heading.default\">\n\t\t\t\t<div class=\"elementor-widget-container\">\n\t\t\t\t\t<h2 class=\"elementor-heading-title elementor-size-default\">(prochainement disponible)<\/h2>\t\t\t\t<\/div>\n\t\t\t\t<\/div>\n\t\t\t\t<\/div>\n\t\t<div class=\"elementor-element elementor-element-ccdba4f e-con-full e-flex e-con e-child\" data-id=\"ccdba4f\" data-element_type=\"container\" data-e-type=\"container\">\n\t\t\t\t<div class=\"elementor-element elementor-element-1ec89ae elementor-widget elementor-widget-image\" data-id=\"1ec89ae\" data-element_type=\"widget\" data-e-type=\"widget\" data-widget_type=\"image.default\">\n\t\t\t\t<div class=\"elementor-widget-container\">\n\t\t\t\t\t\t\t\t\t\t\t\t\t\t\t<img decoding=\"async\" width=\"1024\" height=\"576\" src=\"https:\/\/www.sitekbe.com\/2025\/wp-content\/uploads\/2026\/03\/141-DSC01994-1024x576.jpg\" class=\"attachment-large size-large wp-image-2905\" alt=\"\" srcset=\"https:\/\/www.sitekbe.com\/2025\/wp-content\/uploads\/2026\/03\/141-DSC01994-1024x576.jpg 1024w, https:\/\/www.sitekbe.com\/2025\/wp-content\/uploads\/2026\/03\/141-DSC01994-300x169.jpg 300w, https:\/\/www.sitekbe.com\/2025\/wp-content\/uploads\/2026\/03\/141-DSC01994-768x432.jpg 768w, https:\/\/www.sitekbe.com\/2025\/wp-content\/uploads\/2026\/03\/141-DSC01994-1536x863.jpg 1536w, https:\/\/www.sitekbe.com\/2025\/wp-content\/uploads\/2026\/03\/141-DSC01994-2048x1151.jpg 2048w\" sizes=\"(max-width: 1024px) 100vw, 1024px\" \/>\t\t\t\t\t\t\t\t\t\t\t\t\t\t\t<\/div>\n\t\t\t\t<\/div>\n\t\t\t\t<div class=\"elementor-element elementor-element-d608a6f elementor-widget elementor-widget-heading\" data-id=\"d608a6f\" data-element_type=\"widget\" data-e-type=\"widget\" data-widget_type=\"heading.default\">\n\t\t\t\t<div class=\"elementor-widget-container\">\n\t\t\t\t\t<h2 class=\"elementor-heading-title elementor-size-default\">Classements 2026<\/h2>\t\t\t\t<\/div>\n\t\t\t\t<\/div>\n\t\t\t\t<div class=\"elementor-element elementor-element-f04bf9d elementor-widget elementor-widget-heading\" data-id=\"f04bf9d\" data-element_type=\"widget\" data-e-type=\"widget\" data-widget_type=\"heading.default\">\n\t\t\t\t<div class=\"elementor-widget-container\">\n\t\t\t\t\t<h2 class=\"elementor-heading-title elementor-size-default\">(prochainement disponible)<\/h2>\t\t\t\t<\/div>\n\t\t\t\t<\/div>\n\t\t\t\t<\/div>\n\t\t<div class=\"elementor-element elementor-element-299b6ec e-con-full e-flex e-con e-child\" data-id=\"299b6ec\" data-element_type=\"container\" data-e-type=\"container\">\n\t\t\t\t<div class=\"elementor-element elementor-element-959e888 elementor-widget elementor-widget-image\" data-id=\"959e888\" data-element_type=\"widget\" data-e-type=\"widget\" data-widget_type=\"image.default\">\n\t\t\t\t<div class=\"elementor-widget-container\">\n\t\t\t\t\t\t\t\t\t\t\t\t\t\t\t<img decoding=\"async\" width=\"1024\" height=\"683\" src=\"https:\/\/www.sitekbe.com\/2025\/wp-content\/uploads\/2026\/03\/195-DSC02214-1024x683.jpg\" class=\"attachment-large size-large wp-image-2915\" alt=\"\" srcset=\"https:\/\/www.sitekbe.com\/2025\/wp-content\/uploads\/2026\/03\/195-DSC02214-1024x683.jpg 1024w, https:\/\/www.sitekbe.com\/2025\/wp-content\/uploads\/2026\/03\/195-DSC02214-300x200.jpg 300w, https:\/\/www.sitekbe.com\/2025\/wp-content\/uploads\/2026\/03\/195-DSC02214-768x512.jpg 768w, https:\/\/www.sitekbe.com\/2025\/wp-content\/uploads\/2026\/03\/195-DSC02214-1536x1024.jpg 1536w, https:\/\/www.sitekbe.com\/2025\/wp-content\/uploads\/2026\/03\/195-DSC02214-2048x1365.jpg 2048w\" sizes=\"(max-width: 1024px) 100vw, 1024px\" \/>\t\t\t\t\t\t\t\t\t\t\t\t\t\t\t<\/div>\n\t\t\t\t<\/div>\n\t\t\t\t<div class=\"elementor-element elementor-element-9a6f6a5 elementor-widget elementor-widget-heading\" data-id=\"9a6f6a5\" data-element_type=\"widget\" data-e-type=\"widget\" data-widget_type=\"heading.default\">\n\t\t\t\t<div class=\"elementor-widget-container\">\n\t\t\t\t\t<h2 class=\"elementor-heading-title elementor-size-default\">Parcours 2026<\/h2>\t\t\t\t<\/div>\n\t\t\t\t<\/div>\n\t\t\t\t<div class=\"elementor-element elementor-element-d08641a elementor-widget elementor-widget-heading\" data-id=\"d08641a\" data-element_type=\"widget\" data-e-type=\"widget\" data-widget_type=\"heading.default\">\n\t\t\t\t<div class=\"elementor-widget-container\">\n\t\t\t\t\t<h2 class=\"elementor-heading-title elementor-size-default\">(prochainement disponible)<\/h2>\t\t\t\t<\/div>\n\t\t\t\t<\/div>\n\t\t\t\t<\/div>\n\t\t\t\t\t<\/div>\n\t\t\t\t<\/div>\n\t\t<div class=\"elementor-element elementor-element-54cdc6d e-flex e-con-boxed e-con e-parent\" data-id=\"54cdc6d\" data-element_type=\"container\" data-e-type=\"container\">\n\t\t\t\t\t<div class=\"e-con-inner\">\n\t\t\t\t<div class=\"elementor-element elementor-element-cf71a8b elementor-widget__width-inherit elementor-widget elementor-widget-heading\" data-id=\"cf71a8b\" data-element_type=\"widget\" data-e-type=\"widget\" data-widget_type=\"heading.default\">\n\t\t\t\t<div class=\"elementor-widget-container\">\n\t\t\t\t\t<h2 class=\"elementor-heading-title elementor-size-default\">Derni\u00e8res actualit\u00e9s du KBH<\/h2>\t\t\t\t<\/div>\n\t\t\t\t<\/div>\n\t\t\t\t<div class=\"elementor-element elementor-element-aa6f405 elementor-grid-3 elementor-grid-mobile-1 elementor-grid-tablet-2 elementor-widget elementor-widget-loop-grid\" data-id=\"aa6f405\" data-element_type=\"widget\" data-e-type=\"widget\" data-settings=\"{&quot;template_id&quot;:1663,&quot;columns&quot;:3,&quot;columns_mobile&quot;:1,&quot;row_gap_mobile&quot;:{&quot;unit&quot;:&quot;px&quot;,&quot;size&quot;:0,&quot;sizes&quot;:[]},&quot;_skin&quot;:&quot;post&quot;,&quot;columns_tablet&quot;:&quot;2&quot;,&quot;edit_handle_selector&quot;:&quot;[data-elementor-type=\\&quot;loop-item\\&quot;]&quot;,&quot;row_gap&quot;:{&quot;unit&quot;:&quot;px&quot;,&quot;size&quot;:&quot;&quot;,&quot;sizes&quot;:[]},&quot;row_gap_tablet&quot;:{&quot;unit&quot;:&quot;px&quot;,&quot;size&quot;:&quot;&quot;,&quot;sizes&quot;:[]}}\" data-widget_type=\"loop-grid.post\">\n\t\t\t\t<div class=\"elementor-widget-container\">\n\t\t\t\t\t\t\t<div class=\"elementor-loop-container elementor-grid\" role=\"list\">\n\t\t<style id=\"loop-1663\">.elementor-1663 .elementor-element.elementor-element-c278c97{--display:flex;--gap:10px 10px;--row-gap:10px;--column-gap:10px;--overflow:hidden;}.elementor-1663 .elementor-element.elementor-element-c278c97:not(.elementor-motion-effects-element-type-background), .elementor-1663 .elementor-element.elementor-element-c278c97 > .elementor-motion-effects-container > .elementor-motion-effects-layer{background-color:var( --e-global-color-ac5c2fe );}.elementor-1663 .elementor-element.elementor-element-3e33442 img{transition-duration:0.5s;}.elementor-1663 .elementor-element.elementor-element-3e33442 > .elementor-widget-container{margin:-10px -10px -10px -10px;}.elementor-1663 .elementor-element.elementor-element-c4ec02a .elementor-icon-list-items:not(.elementor-inline-items) .elementor-icon-list-item:not(:last-child){padding-bottom:calc(0px\/2);}.elementor-1663 .elementor-element.elementor-element-c4ec02a .elementor-icon-list-items:not(.elementor-inline-items) .elementor-icon-list-item:not(:first-child){margin-top:calc(0px\/2);}.elementor-1663 .elementor-element.elementor-element-c4ec02a .elementor-icon-list-items.elementor-inline-items .elementor-icon-list-item{margin-right:calc(0px\/2);margin-left:calc(0px\/2);}.elementor-1663 .elementor-element.elementor-element-c4ec02a .elementor-icon-list-items.elementor-inline-items{margin-right:calc(-0px\/2);margin-left:calc(-0px\/2);}body.rtl .elementor-1663 .elementor-element.elementor-element-c4ec02a .elementor-icon-list-items.elementor-inline-items .elementor-icon-list-item:after{left:calc(-0px\/2);}body:not(.rtl) .elementor-1663 .elementor-element.elementor-element-c4ec02a .elementor-icon-list-items.elementor-inline-items .elementor-icon-list-item:after{right:calc(-0px\/2);}.elementor-1663 .elementor-element.elementor-element-c4ec02a .elementor-icon-list-icon{width:14px;}.elementor-1663 .elementor-element.elementor-element-c4ec02a .elementor-icon-list-icon i{font-size:14px;}.elementor-1663 .elementor-element.elementor-element-c4ec02a .elementor-icon-list-icon svg{--e-icon-list-icon-size:14px;}.elementor-1663 .elementor-element.elementor-element-c4ec02a .elementor-icon-list-text, .elementor-1663 .elementor-element.elementor-element-c4ec02a .elementor-icon-list-text a{color:var( --e-global-color-ae29c44 );}.elementor-1663 .elementor-element.elementor-element-c4ec02a .elementor-icon-list-item{font-family:\"Roboto\";font-size:12px;font-weight:400;}.elementor-1663 .elementor-element.elementor-element-c4ec02a > .elementor-widget-container{margin:10px 10px 0px 10px;}.elementor-1663 .elementor-element.elementor-element-7f0399b .elementor-heading-title{font-family:\"Roboto\";font-size:24px;font-weight:500;letter-spacing:0px;color:var( --e-global-color-8f24dae );}.elementor-1663 .elementor-element.elementor-element-7f0399b > .elementor-widget-container{margin:0px 10px 10px 10px;}<\/style>\t\t<div data-elementor-type=\"loop-item\" data-elementor-id=\"1663\" class=\"elementor elementor-1663 e-loop-item e-loop-item-1625 post-1625 post type-post status-publish format-standard has-post-thumbnail hentry category-general tag-home\" data-elementor-post-type=\"elementor_library\" data-custom-edit-handle=\"1\">\n\t\t\t<div class=\"elementor-element elementor-element-c278c97 e-flex e-con-boxed e-con e-parent\" data-id=\"c278c97\" data-element_type=\"container\" data-e-type=\"container\" data-settings=\"{&quot;background_background&quot;:&quot;classic&quot;}\">\n\t\t\t\t\t<div class=\"e-con-inner\">\n\t\t\t\t<div class=\"elementor-element elementor-element-3e33442 elementor-widget elementor-widget-theme-post-featured-image elementor-widget-image\" data-id=\"3e33442\" data-element_type=\"widget\" data-e-type=\"widget\" data-widget_type=\"theme-post-featured-image.default\">\n\t\t\t\t<div class=\"elementor-widget-container\">\n\t\t\t\t\t\t\t\t\t\t\t\t\t\t\t\t<a href=\"https:\/\/www.sitekbe.com\/2025\/le-kreiz-breizh-elites-2026-un-format-etendu-et-une-synergie-renforcee-pour-la-30eme-edition\/\">\n\t\t\t\t\t\t\t<img loading=\"lazy\" decoding=\"async\" width=\"1024\" height=\"683\" src=\"https:\/\/www.sitekbe.com\/2025\/wp-content\/uploads\/2025\/08\/KBF-WEB-4-3-015-@-Gus-Sev-1024x683.jpg\" class=\"elementor-animation-float attachment-large size-large wp-image-1275\" alt=\"\" srcset=\"https:\/\/www.sitekbe.com\/2025\/wp-content\/uploads\/2025\/08\/KBF-WEB-4-3-015-@-Gus-Sev-1024x683.jpg 1024w, https:\/\/www.sitekbe.com\/2025\/wp-content\/uploads\/2025\/08\/KBF-WEB-4-3-015-@-Gus-Sev-300x200.jpg 300w, https:\/\/www.sitekbe.com\/2025\/wp-content\/uploads\/2025\/08\/KBF-WEB-4-3-015-@-Gus-Sev-768x512.jpg 768w, https:\/\/www.sitekbe.com\/2025\/wp-content\/uploads\/2025\/08\/KBF-WEB-4-3-015-@-Gus-Sev-1536x1025.jpg 1536w, https:\/\/www.sitekbe.com\/2025\/wp-content\/uploads\/2025\/08\/KBF-WEB-4-3-015-@-Gus-Sev.jpg 2048w\" sizes=\"(max-width: 1024px) 100vw, 1024px\" \/>\t\t\t\t\t\t\t\t<\/a>\n\t\t\t\t\t\t\t\t\t\t\t\t\t\t\t<\/div>\n\t\t\t\t<\/div>\n\t\t\t\t<div class=\"elementor-element elementor-element-c4ec02a elementor-widget elementor-widget-post-info\" data-id=\"c4ec02a\" data-element_type=\"widget\" data-e-type=\"widget\" data-widget_type=\"post-info.default\">\n\t\t\t\t<div class=\"elementor-widget-container\">\n\t\t\t\t\t\t\t<ul class=\"elementor-inline-items elementor-icon-list-items elementor-post-info\">\n\t\t\t\t\t\t\t\t<li class=\"elementor-icon-list-item elementor-repeater-item-6d73aaf elementor-inline-item\" itemprop=\"about\">\n\t\t\t\t\t\t\t\t\t\t\t\t\t<span class=\"elementor-icon-list-text elementor-post-info__item elementor-post-info__item--type-terms\">\n\t\t\t\t\t\t\t\t\t\t<span class=\"elementor-post-info__terms-list\">\n\t\t\t\t<a href=\"https:\/\/www.sitekbe.com\/2025\/category\/general\/\" class=\"elementor-post-info__terms-list-item\">G\u00e9n\u00e9ral<\/a>\t\t\t\t<\/span>\n\t\t\t\t\t<\/span>\n\t\t\t\t\t\t\t\t<\/li>\n\t\t\t\t<\/ul>\n\t\t\t\t\t\t<\/div>\n\t\t\t\t<\/div>\n\t\t\t\t<div class=\"elementor-element elementor-element-7f0399b elementor-widget elementor-widget-theme-post-title elementor-page-title elementor-widget-heading\" data-id=\"7f0399b\" data-element_type=\"widget\" data-e-type=\"widget\" data-widget_type=\"theme-post-title.default\">\n\t\t\t\t<div class=\"elementor-widget-container\">\n\t\t\t\t\t<h1 class=\"elementor-heading-title elementor-size-default\"><a href=\"https:\/\/www.sitekbe.com\/2025\/le-kreiz-breizh-elites-2026-un-format-etendu-et-une-synergie-renforcee-pour-la-30eme-edition\/\">Kreiz Breizh \u00c9lites 2026 : un format \u00e9tendu et une synergie renforc\u00e9e<\/a><\/h1>\t\t\t\t<\/div>\n\t\t\t\t<\/div>\n\t\t\t\t\t<\/div>\n\t\t\t\t<\/div>\n\t\t\t\t<\/div>\n\t\t\t\t<div data-elementor-type=\"loop-item\" data-elementor-id=\"1663\" class=\"elementor elementor-1663 e-loop-item e-loop-item-1742 post-1742 post type-post status-publish format-standard has-post-thumbnail hentry category-general tag-home\" data-elementor-post-type=\"elementor_library\" data-custom-edit-handle=\"1\">\n\t\t\t<div class=\"elementor-element elementor-element-c278c97 e-flex e-con-boxed e-con e-parent\" data-id=\"c278c97\" data-element_type=\"container\" data-e-type=\"container\" data-settings=\"{&quot;background_background&quot;:&quot;classic&quot;}\">\n\t\t\t\t\t<div class=\"e-con-inner\">\n\t\t\t\t<div class=\"elementor-element elementor-element-3e33442 elementor-widget elementor-widget-theme-post-featured-image elementor-widget-image\" data-id=\"3e33442\" data-element_type=\"widget\" data-e-type=\"widget\" data-widget_type=\"theme-post-featured-image.default\">\n\t\t\t\t<div class=\"elementor-widget-container\">\n\t\t\t\t\t\t\t\t\t\t\t\t\t\t\t\t<a href=\"https:\/\/www.sitekbe.com\/2025\/recapitulatif-de-ledition-2025-du-kreiz-breizh-elites\/\">\n\t\t\t\t\t\t\t<img loading=\"lazy\" decoding=\"async\" width=\"1024\" height=\"683\" src=\"https:\/\/www.sitekbe.com\/2025\/wp-content\/uploads\/2025\/08\/KBF-WEB-4-3-061-@-Gus-Sev-1024x683.jpg\" class=\"elementor-animation-float attachment-large size-large wp-image-1321\" alt=\"\" srcset=\"https:\/\/www.sitekbe.com\/2025\/wp-content\/uploads\/2025\/08\/KBF-WEB-4-3-061-@-Gus-Sev-1024x683.jpg 1024w, https:\/\/www.sitekbe.com\/2025\/wp-content\/uploads\/2025\/08\/KBF-WEB-4-3-061-@-Gus-Sev-300x200.jpg 300w, https:\/\/www.sitekbe.com\/2025\/wp-content\/uploads\/2025\/08\/KBF-WEB-4-3-061-@-Gus-Sev-768x512.jpg 768w, https:\/\/www.sitekbe.com\/2025\/wp-content\/uploads\/2025\/08\/KBF-WEB-4-3-061-@-Gus-Sev-1536x1024.jpg 1536w, https:\/\/www.sitekbe.com\/2025\/wp-content\/uploads\/2025\/08\/KBF-WEB-4-3-061-@-Gus-Sev.jpg 2048w\" sizes=\"(max-width: 1024px) 100vw, 1024px\" \/>\t\t\t\t\t\t\t\t<\/a>\n\t\t\t\t\t\t\t\t\t\t\t\t\t\t\t<\/div>\n\t\t\t\t<\/div>\n\t\t\t\t<div class=\"elementor-element elementor-element-c4ec02a elementor-widget elementor-widget-post-info\" data-id=\"c4ec02a\" data-element_type=\"widget\" data-e-type=\"widget\" data-widget_type=\"post-info.default\">\n\t\t\t\t<div class=\"elementor-widget-container\">\n\t\t\t\t\t\t\t<ul class=\"elementor-inline-items elementor-icon-list-items elementor-post-info\">\n\t\t\t\t\t\t\t\t<li class=\"elementor-icon-list-item elementor-repeater-item-6d73aaf elementor-inline-item\" itemprop=\"about\">\n\t\t\t\t\t\t\t\t\t\t\t\t\t<span class=\"elementor-icon-list-text elementor-post-info__item elementor-post-info__item--type-terms\">\n\t\t\t\t\t\t\t\t\t\t<span class=\"elementor-post-info__terms-list\">\n\t\t\t\t<a href=\"https:\/\/www.sitekbe.com\/2025\/category\/general\/\" class=\"elementor-post-info__terms-list-item\">G\u00e9n\u00e9ral<\/a>\t\t\t\t<\/span>\n\t\t\t\t\t<\/span>\n\t\t\t\t\t\t\t\t<\/li>\n\t\t\t\t<\/ul>\n\t\t\t\t\t\t<\/div>\n\t\t\t\t<\/div>\n\t\t\t\t<div class=\"elementor-element elementor-element-7f0399b elementor-widget elementor-widget-theme-post-title elementor-page-title elementor-widget-heading\" data-id=\"7f0399b\" data-element_type=\"widget\" data-e-type=\"widget\" data-widget_type=\"theme-post-title.default\">\n\t\t\t\t<div class=\"elementor-widget-container\">\n\t\t\t\t\t<h1 class=\"elementor-heading-title elementor-size-default\"><a href=\"https:\/\/www.sitekbe.com\/2025\/recapitulatif-de-ledition-2025-du-kreiz-breizh-elites\/\">R\u00e9capitulatif de l\u2019\u00e9dition 2025 du Kreiz Breizh \u00c9lites<\/a><\/h1>\t\t\t\t<\/div>\n\t\t\t\t<\/div>\n\t\t\t\t\t<\/div>\n\t\t\t\t<\/div>\n\t\t\t\t<\/div>\n\t\t\t\t<\/div>\n\t\t\n\t\t\t\t\t\t<\/div>\n\t\t\t\t<\/div>\n\t\t\t\t\t<\/div>\n\t\t\t\t<\/div>\n\t\t\t\t<\/div>\n\t\t","protected":false},"excerpt":{"rendered":"<p>L\u2019\u00e9dition 2025 du Kreiz Breizh \u00c9lites (KBE) a une nouvelle fois transform\u00e9 le Centre-Bretagne en \u00e9picentre du cyclisme international. Fid\u00e8le [&hellip;]<\/p>\n","protected":false},"author":5,"featured_media":1224,"parent":0,"menu_order":0,"comment_status":"closed","ping_status":"closed","template":"elementor_header_footer","meta":{"_sitemap_exclude":false,"_sitemap_priority":"","_sitemap_frequency":"","site-sidebar-layout":"no-sidebar","site-content-layout":"","ast-site-content-layout":"full-width-container","site-content-style":"default","site-sidebar-style":"default","ast-global-header-display":"","ast-banner-title-visibility":"","ast-main-header-display":"","ast-hfb-above-header-display":"","ast-hfb-below-header-display":"","ast-hfb-mobile-header-display":"","site-post-title":"","ast-breadcrumbs-content":"","ast-featured-img":"disabled","footer-sml-layout":"","ast-disable-related-posts":"","theme-transparent-header-meta":"","adv-header-id-meta":"","stick-header-meta":"","header-above-stick-meta":"","header-main-stick-meta":"","header-below-stick-meta":"","astra-migrate-meta-layouts":"default","ast-page-background-enabled":"default","ast-page-background-meta":{"desktop":{"background-color":"var(--ast-global-color-5)","background-image":"","background-repeat":"repeat","background-position":"center center","background-size":"auto","background-attachment":"scroll","background-type":"","background-media":"","overlay-type":"","overlay-color":"","overlay-opacity":"","overlay-gradient":""},"tablet":{"background-color":"","background-image":"","background-repeat":"repeat","background-position":"center center","background-size":"auto","background-attachment":"scroll","background-type":"","background-media":"","overlay-type":"","overlay-color":"","overlay-opacity":"","overlay-gradient":""},"mobile":{"background-color":"","background-image":"","background-repeat":"repeat","background-position":"center center","background-size":"auto","background-attachment":"scroll","background-type":"","background-media":"","overlay-type":"","overlay-color":"","overlay-opacity":"","overlay-gradient":""}},"ast-content-background-meta":{"desktop":{"background-color":"var(--ast-global-color-4)","background-image":"","background-repeat":"repeat","background-position":"center center","background-size":"auto","background-attachment":"scroll","background-type":"","background-media":"","overlay-type":"","overlay-color":"","overlay-opacity":"","overlay-gradient":""},"tablet":{"background-color":"var(--ast-global-color-4)","background-image":"","background-repeat":"repeat","background-position":"center center","background-size":"auto","background-attachment":"scroll","background-type":"","background-media":"","overlay-type":"","overlay-color":"","overlay-opacity":"","overlay-gradient":""},"mobile":{"background-color":"var(--ast-global-color-4)","background-image":"","background-repeat":"repeat","background-position":"center center","background-size":"auto","background-attachment":"scroll","background-type":"","background-media":"","overlay-type":"","overlay-color":"","overlay-opacity":"","overlay-gradient":""}},"footnotes":""},"class_list":["post-2859","page","type-page","status-publish","has-post-thumbnail","hentry"],"_links":{"self":[{"href":"https:\/\/www.sitekbe.com\/2025\/wp-json\/wp\/v2\/pages\/2859","targetHints":{"allow":["GET"]}}],"collection":[{"href":"https:\/\/www.sitekbe.com\/2025\/wp-json\/wp\/v2\/pages"}],"about":[{"href":"https:\/\/www.sitekbe.com\/2025\/wp-json\/wp\/v2\/types\/page"}],"author":[{"embeddable":true,"href":"https:\/\/www.sitekbe.com\/2025\/wp-json\/wp\/v2\/users\/5"}],"replies":[{"embeddable":true,"href":"https:\/\/www.sitekbe.com\/2025\/wp-json\/wp\/v2\/comments?post=2859"}],"version-history":[{"count":0,"href":"https:\/\/www.sitekbe.com\/2025\/wp-json\/wp\/v2\/pages\/2859\/revisions"}],"wp:featuredmedia":[{"embeddable":true,"href":"https:\/\/www.sitekbe.com\/2025\/wp-json\/wp\/v2\/media\/1224"}],"wp:attachment":[{"href":"https:\/\/www.sitekbe.com\/2025\/wp-json\/wp\/v2\/media?parent=2859"}],"curies":[{"name":"wp","href":"https:\/\/api.w.org\/{rel}","templated":true}]}}