{"id":2085,"date":"2026-02-11T22:22:00","date_gmt":"2026-02-11T21:22:00","guid":{"rendered":"https:\/\/www.sitekbe.com\/2025\/?page_id=2085"},"modified":"2026-03-08T14:05:01","modified_gmt":"2026-03-08T13:05:01","slug":"photos","status":"publish","type":"page","link":"https:\/\/www.sitekbe.com\/2025\/photos\/","title":{"rendered":"Photos"},"content":{"rendered":"\t\t<div data-elementor-type=\"wp-page\" data-elementor-id=\"2085\" class=\"elementor elementor-2085\" data-elementor-post-type=\"page\">\n\t\t\t\t<div class=\"elementor-element elementor-element-707b4cc e-con-full e-flex e-con e-parent\" data-id=\"707b4cc\" data-element_type=\"container\" data-e-type=\"container\" data-settings=\"{&quot;background_background&quot;:&quot;classic&quot;}\">\n\t\t\t\t<div class=\"elementor-element elementor-element-278d975 elementor-widget__width-initial elementor-widget elementor-widget-heading\" data-id=\"278d975\" data-element_type=\"widget\" data-e-type=\"widget\" data-widget_type=\"heading.default\">\n\t\t\t\t<div class=\"elementor-widget-container\">\n\t\t\t\t\t<h2 class=\"elementor-heading-title elementor-size-default\">Photos<\/h2>\t\t\t\t<\/div>\n\t\t\t\t<\/div>\n\t\t\t\t<\/div>\n\t\t<div class=\"elementor-element elementor-element-ea72ac0 e-grid e-con-boxed e-con e-parent\" data-id=\"ea72ac0\" data-element_type=\"container\" data-e-type=\"container\">\n\t\t\t\t\t<div class=\"e-con-inner\">\n\t\t<div class=\"elementor-element elementor-element-6c0434c e-con-full e-flex e-con e-child\" data-id=\"6c0434c\" data-element_type=\"container\" data-e-type=\"container\">\n\t\t\t\t<div class=\"elementor-element elementor-element-9021260 elementor-widget elementor-widget-image\" data-id=\"9021260\" data-element_type=\"widget\" data-e-type=\"widget\" data-widget_type=\"image.default\">\n\t\t\t\t<div class=\"elementor-widget-container\">\n\t\t\t\t\t\t\t\t\t\t\t\t\t\t\t<img fetchpriority=\"high\" decoding=\"async\" width=\"1024\" height=\"683\" src=\"https:\/\/www.sitekbe.com\/2025\/wp-content\/uploads\/2025\/08\/KBF-WEB-4-3-042-@-Gus-Sev-1024x683.jpg\" class=\"attachment-large size-large wp-image-1302\" alt=\"\" srcset=\"https:\/\/www.sitekbe.com\/2025\/wp-content\/uploads\/2025\/08\/KBF-WEB-4-3-042-@-Gus-Sev-1024x683.jpg 1024w, https:\/\/www.sitekbe.com\/2025\/wp-content\/uploads\/2025\/08\/KBF-WEB-4-3-042-@-Gus-Sev-300x200.jpg 300w, https:\/\/www.sitekbe.com\/2025\/wp-content\/uploads\/2025\/08\/KBF-WEB-4-3-042-@-Gus-Sev-768x512.jpg 768w, https:\/\/www.sitekbe.com\/2025\/wp-content\/uploads\/2025\/08\/KBF-WEB-4-3-042-@-Gus-Sev-1536x1024.jpg 1536w, https:\/\/www.sitekbe.com\/2025\/wp-content\/uploads\/2025\/08\/KBF-WEB-4-3-042-@-Gus-Sev.jpg 2048w\" sizes=\"(max-width: 1024px) 100vw, 1024px\" \/>\t\t\t\t\t\t\t\t\t\t\t\t\t\t\t<\/div>\n\t\t\t\t<\/div>\n\t\t\t\t<div class=\"elementor-element elementor-element-58bf9df elementor-widget elementor-widget-heading\" data-id=\"58bf9df\" data-element_type=\"widget\" data-e-type=\"widget\" data-widget_type=\"heading.default\">\n\t\t\t\t<div class=\"elementor-widget-container\">\n\t\t\t\t\t<h2 class=\"elementor-heading-title elementor-size-default\">L'\u00e9dition 2026<\/h2>\t\t\t\t<\/div>\n\t\t\t\t<\/div>\n\t\t\t\t<div class=\"elementor-element elementor-element-0cd4b40 elementor-widget elementor-widget-heading\" data-id=\"0cd4b40\" data-element_type=\"widget\" data-e-type=\"widget\" data-widget_type=\"heading.default\">\n\t\t\t\t<div class=\"elementor-widget-container\">\n\t\t\t\t\t<h2 class=\"elementor-heading-title elementor-size-default\">(rendez-vous le 31 juillet)<\/h2>\t\t\t\t<\/div>\n\t\t\t\t<\/div>\n\t\t\t\t<\/div>\n\t\t<div class=\"elementor-element elementor-element-390b743 e-con-full e-flex e-con e-child\" data-id=\"390b743\" data-element_type=\"container\" data-e-type=\"container\">\n\t\t\t\t<div class=\"elementor-element elementor-element-98fa3b1 elementor-widget elementor-widget-image\" data-id=\"98fa3b1\" data-element_type=\"widget\" data-e-type=\"widget\" data-widget_type=\"image.default\">\n\t\t\t\t<div class=\"elementor-widget-container\">\n\t\t\t\t\t\t\t\t\t\t\t\t\t\t\t\t<a href=\"https:\/\/www.sitekbe.com\/2025\/photos-2025\/\">\n\t\t\t\t\t\t\t<img decoding=\"async\" width=\"1024\" height=\"683\" src=\"https:\/\/www.sitekbe.com\/2025\/wp-content\/uploads\/2025\/08\/KBE-E3-WEB-4-3-030-@-Gus-Sev-1024x683.jpg\" class=\"elementor-animation-float attachment-large size-large wp-image-1222\" alt=\"\" srcset=\"https:\/\/www.sitekbe.com\/2025\/wp-content\/uploads\/2025\/08\/KBE-E3-WEB-4-3-030-@-Gus-Sev-1024x683.jpg 1024w, https:\/\/www.sitekbe.com\/2025\/wp-content\/uploads\/2025\/08\/KBE-E3-WEB-4-3-030-@-Gus-Sev-300x200.jpg 300w, https:\/\/www.sitekbe.com\/2025\/wp-content\/uploads\/2025\/08\/KBE-E3-WEB-4-3-030-@-Gus-Sev-768x512.jpg 768w, https:\/\/www.sitekbe.com\/2025\/wp-content\/uploads\/2025\/08\/KBE-E3-WEB-4-3-030-@-Gus-Sev-1536x1025.jpg 1536w, https:\/\/www.sitekbe.com\/2025\/wp-content\/uploads\/2025\/08\/KBE-E3-WEB-4-3-030-@-Gus-Sev.jpg 2048w\" sizes=\"(max-width: 1024px) 100vw, 1024px\" \/>\t\t\t\t\t\t\t\t<\/a>\n\t\t\t\t\t\t\t\t\t\t\t\t\t\t\t<\/div>\n\t\t\t\t<\/div>\n\t\t\t\t<div class=\"elementor-element elementor-element-1c6b688 elementor-widget elementor-widget-heading\" data-id=\"1c6b688\" data-element_type=\"widget\" data-e-type=\"widget\" data-widget_type=\"heading.default\">\n\t\t\t\t<div class=\"elementor-widget-container\">\n\t\t\t\t\t<h2 class=\"elementor-heading-title elementor-size-default\">L'\u00e9dition 2025<\/h2>\t\t\t\t<\/div>\n\t\t\t\t<\/div>\n\t\t\t\t<\/div>\n\t\t<div class=\"elementor-element elementor-element-7aaecbe e-con-full e-flex e-con e-child\" data-id=\"7aaecbe\" data-element_type=\"container\" data-e-type=\"container\">\n\t\t\t\t<div class=\"elementor-element elementor-element-82b3c9a elementor-widget elementor-widget-image\" data-id=\"82b3c9a\" data-element_type=\"widget\" data-e-type=\"widget\" data-widget_type=\"image.default\">\n\t\t\t\t<div class=\"elementor-widget-container\">\n\t\t\t\t\t\t\t\t\t\t\t\t\t\t\t\t<a href=\"https:\/\/www.sitekbe.com\/2025\/photos-2024\/\">\n\t\t\t\t\t\t\t<img decoding=\"async\" width=\"1024\" height=\"683\" src=\"https:\/\/www.sitekbe.com\/2025\/wp-content\/uploads\/2025\/08\/KBE-E3-WEB-4-3-013-@-Gus-Sev-1024x683.jpg\" class=\"elementor-animation-float attachment-large size-large wp-image-1205\" alt=\"\" srcset=\"https:\/\/www.sitekbe.com\/2025\/wp-content\/uploads\/2025\/08\/KBE-E3-WEB-4-3-013-@-Gus-Sev-1024x683.jpg 1024w, https:\/\/www.sitekbe.com\/2025\/wp-content\/uploads\/2025\/08\/KBE-E3-WEB-4-3-013-@-Gus-Sev-300x200.jpg 300w, https:\/\/www.sitekbe.com\/2025\/wp-content\/uploads\/2025\/08\/KBE-E3-WEB-4-3-013-@-Gus-Sev-768x512.jpg 768w, https:\/\/www.sitekbe.com\/2025\/wp-content\/uploads\/2025\/08\/KBE-E3-WEB-4-3-013-@-Gus-Sev-1536x1024.jpg 1536w, https:\/\/www.sitekbe.com\/2025\/wp-content\/uploads\/2025\/08\/KBE-E3-WEB-4-3-013-@-Gus-Sev.jpg 2048w\" sizes=\"(max-width: 1024px) 100vw, 1024px\" \/>\t\t\t\t\t\t\t\t<\/a>\n\t\t\t\t\t\t\t\t\t\t\t\t\t\t\t<\/div>\n\t\t\t\t<\/div>\n\t\t\t\t<div class=\"elementor-element elementor-element-9612c8e elementor-widget elementor-widget-heading\" data-id=\"9612c8e\" data-element_type=\"widget\" data-e-type=\"widget\" data-widget_type=\"heading.default\">\n\t\t\t\t<div class=\"elementor-widget-container\">\n\t\t\t\t\t<h2 class=\"elementor-heading-title elementor-size-default\">L'\u00e9dition 2024<\/h2>\t\t\t\t<\/div>\n\t\t\t\t<\/div>\n\t\t\t\t<\/div>\n\t\t\t\t\t<\/div>\n\t\t\t\t<\/div>\n\t\t\t\t<\/div>\n\t\t","protected":false},"excerpt":{"rendered":"<p>Photos L&rsquo;\u00e9dition 2026 (rendez-vous le 31 juillet) L&rsquo;\u00e9dition 2025 L&rsquo;\u00e9dition 2024<\/p>\n","protected":false},"author":5,"featured_media":1224,"parent":0,"menu_order":0,"comment_status":"closed","ping_status":"closed","template":"elementor_header_footer","meta":{"_sitemap_exclude":false,"_sitemap_priority":"","_sitemap_frequency":"","site-sidebar-layout":"no-sidebar","site-content-layout":"","ast-site-content-layout":"full-width-container","site-content-style":"default","site-sidebar-style":"default","ast-global-header-display":"","ast-banner-title-visibility":"","ast-main-header-display":"","ast-hfb-above-header-display":"","ast-hfb-below-header-display":"","ast-hfb-mobile-header-display":"","site-post-title":"","ast-breadcrumbs-content":"","ast-featured-img":"disabled","footer-sml-layout":"","ast-disable-related-posts":"","theme-transparent-header-meta":"","adv-header-id-meta":"","stick-header-meta":"","header-above-stick-meta":"","header-main-stick-meta":"","header-below-stick-meta":"","astra-migrate-meta-layouts":"default","ast-page-background-enabled":"default","ast-page-background-meta":{"desktop":{"background-color":"var(--ast-global-color-5)","background-image":"","background-repeat":"repeat","background-position":"center center","background-size":"auto","background-attachment":"scroll","background-type":"","background-media":"","overlay-type":"","overlay-color":"","overlay-opacity":"","overlay-gradient":""},"tablet":{"background-color":"","background-image":"","background-repeat":"repeat","background-position":"center center","background-size":"auto","background-attachment":"scroll","background-type":"","background-media":"","overlay-type":"","overlay-color":"","overlay-opacity":"","overlay-gradient":""},"mobile":{"background-color":"","background-image":"","background-repeat":"repeat","background-position":"center center","background-size":"auto","background-attachment":"scroll","background-type":"","background-media":"","overlay-type":"","overlay-color":"","overlay-opacity":"","overlay-gradient":""}},"ast-content-background-meta":{"desktop":{"background-color":"var(--ast-global-color-4)","background-image":"","background-repeat":"repeat","background-position":"center center","background-size":"auto","background-attachment":"scroll","background-type":"","background-media":"","overlay-type":"","overlay-color":"","overlay-opacity":"","overlay-gradient":""},"tablet":{"background-color":"var(--ast-global-color-4)","background-image":"","background-repeat":"repeat","background-position":"center center","background-size":"auto","background-attachment":"scroll","background-type":"","background-media":"","overlay-type":"","overlay-color":"","overlay-opacity":"","overlay-gradient":""},"mobile":{"background-color":"var(--ast-global-color-4)","background-image":"","background-repeat":"repeat","background-position":"center center","background-size":"auto","background-attachment":"scroll","background-type":"","background-media":"","overlay-type":"","overlay-color":"","overlay-opacity":"","overlay-gradient":""}},"footnotes":""},"class_list":["post-2085","page","type-page","status-publish","has-post-thumbnail","hentry"],"_links":{"self":[{"href":"https:\/\/www.sitekbe.com\/2025\/wp-json\/wp\/v2\/pages\/2085","targetHints":{"allow":["GET"]}}],"collection":[{"href":"https:\/\/www.sitekbe.com\/2025\/wp-json\/wp\/v2\/pages"}],"about":[{"href":"https:\/\/www.sitekbe.com\/2025\/wp-json\/wp\/v2\/types\/page"}],"author":[{"embeddable":true,"href":"https:\/\/www.sitekbe.com\/2025\/wp-json\/wp\/v2\/users\/5"}],"replies":[{"embeddable":true,"href":"https:\/\/www.sitekbe.com\/2025\/wp-json\/wp\/v2\/comments?post=2085"}],"version-history":[{"count":0,"href":"https:\/\/www.sitekbe.com\/2025\/wp-json\/wp\/v2\/pages\/2085\/revisions"}],"wp:featuredmedia":[{"embeddable":true,"href":"https:\/\/www.sitekbe.com\/2025\/wp-json\/wp\/v2\/media\/1224"}],"wp:attachment":[{"href":"https:\/\/www.sitekbe.com\/2025\/wp-json\/wp\/v2\/media?parent=2085"}],"curies":[{"name":"wp","href":"https:\/\/api.w.org\/{rel}","templated":true}]}}