{"id":1976,"date":"2026-02-08T22:37:51","date_gmt":"2026-02-08T21:37:51","guid":{"rendered":"https:\/\/www.sitekbe.com\/2025\/?page_id=1976"},"modified":"2026-02-21T15:19:43","modified_gmt":"2026-02-21T14:19:43","slug":"utilisation-des-cookies","status":"publish","type":"page","link":"https:\/\/www.sitekbe.com\/2025\/utilisation-des-cookies\/","title":{"rendered":"Utilisation des cookies"},"content":{"rendered":"\t\t<div data-elementor-type=\"wp-page\" data-elementor-id=\"1976\" class=\"elementor elementor-1976\" data-elementor-post-type=\"page\">\n\t\t\t\t<div class=\"elementor-element elementor-element-c94dd6e e-con-full e-flex e-con e-parent\" data-id=\"c94dd6e\" data-element_type=\"container\" data-e-type=\"container\" data-settings=\"{&quot;background_background&quot;:&quot;classic&quot;}\">\n\t\t\t\t<div class=\"elementor-element elementor-element-4441301 elementor-widget__width-initial elementor-widget elementor-widget-heading\" data-id=\"4441301\" data-element_type=\"widget\" data-e-type=\"widget\" data-widget_type=\"heading.default\">\n\t\t\t\t<div class=\"elementor-widget-container\">\n\t\t\t\t\t<h2 class=\"elementor-heading-title elementor-size-default\">Utilisation des cookies<\/h2>\t\t\t\t<\/div>\n\t\t\t\t<\/div>\n\t\t\t\t<\/div>\n\t\t<div class=\"elementor-element elementor-element-f2336ab e-flex e-con-boxed e-con e-parent\" data-id=\"f2336ab\" data-element_type=\"container\" data-e-type=\"container\">\n\t\t\t\t\t<div class=\"e-con-inner\">\n\t\t\t\t<div class=\"elementor-element elementor-element-14a6398 elementor-widget__width-initial elementor-widget elementor-widget-text-editor\" data-id=\"14a6398\" data-element_type=\"widget\" data-e-type=\"widget\" data-widget_type=\"text-editor.default\">\n\t\t\t\t<div class=\"elementor-widget-container\">\n\t\t\t\t\t\t\t\t\t<div class=\"elementor-element elementor-element-20320dc elementor-widget elementor-widget-text-editor\" data-id=\"20320dc\" data-element_type=\"widget\" data-e-type=\"widget\" data-widget_type=\"text-editor.default\"><div class=\"elementor-widget-container\"><p>Derni\u00e8re mise \u00e0 jour : 8 f\u00e9vrier 2026<\/p><\/div><\/div><p>Lors de la consultation de notre site, des informations relatives \u00e0 votre navigation sont susceptibles d&rsquo;\u00eatre enregistr\u00e9es dans des fichiers \u00ab\u00a0Cookies\u00a0\u00bb install\u00e9s sur votre terminal.<\/p>\t\t\t\t\t\t\t\t<\/div>\n\t\t\t\t<\/div>\n\t\t\t\t<div class=\"elementor-element elementor-element-090052c elementor-widget__width-initial elementor-widget elementor-widget-heading\" data-id=\"090052c\" data-element_type=\"widget\" data-e-type=\"widget\" data-widget_type=\"heading.default\">\n\t\t\t\t<div class=\"elementor-widget-container\">\n\t\t\t\t\t<h2 class=\"elementor-heading-title elementor-size-default\">Qu'est-ce qu'un cookie ?<\/h2>\t\t\t\t<\/div>\n\t\t\t\t<\/div>\n\t\t\t\t<div class=\"elementor-element elementor-element-988f175 elementor-widget__width-initial elementor-widget elementor-widget-text-editor\" data-id=\"988f175\" data-element_type=\"widget\" data-e-type=\"widget\" data-widget_type=\"text-editor.default\">\n\t\t\t\t<div class=\"elementor-widget-container\">\n\t\t\t\t\t\t\t\t\t<p>Un cookie est un petit fichier texte d\u00e9pos\u00e9 sur votre ordinateur lors de la visite d&rsquo;un site. Il permet de m\u00e9moriser vos pr\u00e9f\u00e9rences ou d&rsquo;analyser votre comportement de navigation.<\/p><p>Nous utilisons les cat\u00e9gories de cookies suivantes :<\/p><ul><li>cookies techniques (obligatoires) : n\u00e9cessaires au bon fonctionnement du site (session, s\u00e9curit\u00e9). Ils ne peuvent pas \u00eatre d\u00e9sactiv\u00e9s.<\/li><li>cookies de mesure d&rsquo;audience : ils nous permettent de comprendre comment les visiteurs interagissent avec le site (ex: Google Analytics, Matomo).<\/li><li>cookies tiers : li\u00e9s aux r\u00e9seaux sociaux ou aux vid\u00e9os (ex: YouTube, Facebook) si vous interagissez avec ces \u00e9l\u00e9ments.<\/li><\/ul>\t\t\t\t\t\t\t\t<\/div>\n\t\t\t\t<\/div>\n\t\t\t\t<div class=\"elementor-element elementor-element-88d08be elementor-widget__width-initial elementor-widget elementor-widget-heading\" data-id=\"88d08be\" data-element_type=\"widget\" data-e-type=\"widget\" data-widget_type=\"heading.default\">\n\t\t\t\t<div class=\"elementor-widget-container\">\n\t\t\t\t\t<h2 class=\"elementor-heading-title elementor-size-default\">Gestion des cookies<\/h2>\t\t\t\t<\/div>\n\t\t\t\t<\/div>\n\t\t\t\t<div class=\"elementor-element elementor-element-ce00fa2 elementor-widget__width-initial elementor-widget elementor-widget-text-editor\" data-id=\"ce00fa2\" data-element_type=\"widget\" data-e-type=\"widget\" data-widget_type=\"text-editor.default\">\n\t\t\t\t<div class=\"elementor-widget-container\">\n\t\t\t\t\t\t\t\t\t<p>Lors de votre premi\u00e8re visite, un bandeau vous informe de la pr\u00e9sence de cookies et vous invite \u00e0 indiquer votre choix. Vous pouvez \u00e0 tout moment modifier vos pr\u00e9f\u00e9rences :<\/p><ul><li>via le module de gestion des cookies pr\u00e9sent en bas de page.<\/li><li>en param\u00e9trant votre navigateur (Chrome, Firefox, Safari, etc.).<\/li><\/ul><p>Note : la dur\u00e9e de validit\u00e9 de votre consentement au d\u00e9p\u00f4t des cookies est de 13 mois maximum.<\/p><p>Retrouvez plus d&rsquo;informations sur l&rsquo;utilisation des cookies sur le site de la CNIL (<a class=\"\" href=\"https:\/\/www.cnil.fr\/\" target=\"_new\" rel=\"noopener\" data-start=\"3531\" data-end=\"3565\">www.cnil.fr<\/a>).<\/p>\t\t\t\t\t\t\t\t<\/div>\n\t\t\t\t<\/div>\n\t\t\t\t\t<\/div>\n\t\t\t\t<\/div>\n\t\t\t\t<\/div>\n\t\t","protected":false},"excerpt":{"rendered":"<p>Utilisation des cookies Derni\u00e8re mise \u00e0 jour : 8 f\u00e9vrier 2026 Lors de la consultation de notre site, des informations [&hellip;]<\/p>\n","protected":false},"author":5,"featured_media":1224,"parent":0,"menu_order":0,"comment_status":"closed","ping_status":"closed","template":"elementor_header_footer","meta":{"_sitemap_exclude":false,"_sitemap_priority":"","_sitemap_frequency":"","site-sidebar-layout":"default","site-content-layout":"","ast-site-content-layout":"full-width-container","site-content-style":"default","site-sidebar-style":"default","ast-global-header-display":"","ast-banner-title-visibility":"","ast-main-header-display":"","ast-hfb-above-header-display":"","ast-hfb-below-header-display":"","ast-hfb-mobile-header-display":"","site-post-title":"","ast-breadcrumbs-content":"","ast-featured-img":"","footer-sml-layout":"","ast-disable-related-posts":"","theme-transparent-header-meta":"","adv-header-id-meta":"","stick-header-meta":"","header-above-stick-meta":"","header-main-stick-meta":"","header-below-stick-meta":"","astra-migrate-meta-layouts":"default","ast-page-background-enabled":"default","ast-page-background-meta":{"desktop":{"background-color":"var(--ast-global-color-5)","background-image":"","background-repeat":"repeat","background-position":"center center","background-size":"auto","background-attachment":"scroll","background-type":"","background-media":"","overlay-type":"","overlay-color":"","overlay-opacity":"","overlay-gradient":""},"tablet":{"background-color":"","background-image":"","background-repeat":"repeat","background-position":"center center","background-size":"auto","background-attachment":"scroll","background-type":"","background-media":"","overlay-type":"","overlay-color":"","overlay-opacity":"","overlay-gradient":""},"mobile":{"background-color":"","background-image":"","background-repeat":"repeat","background-position":"center center","background-size":"auto","background-attachment":"scroll","background-type":"","background-media":"","overlay-type":"","overlay-color":"","overlay-opacity":"","overlay-gradient":""}},"ast-content-background-meta":{"desktop":{"background-color":"var(--ast-global-color-4)","background-image":"","background-repeat":"repeat","background-position":"center center","background-size":"auto","background-attachment":"scroll","background-type":"","background-media":"","overlay-type":"","overlay-color":"","overlay-opacity":"","overlay-gradient":""},"tablet":{"background-color":"var(--ast-global-color-4)","background-image":"","background-repeat":"repeat","background-position":"center center","background-size":"auto","background-attachment":"scroll","background-type":"","background-media":"","overlay-type":"","overlay-color":"","overlay-opacity":"","overlay-gradient":""},"mobile":{"background-color":"var(--ast-global-color-4)","background-image":"","background-repeat":"repeat","background-position":"center center","background-size":"auto","background-attachment":"scroll","background-type":"","background-media":"","overlay-type":"","overlay-color":"","overlay-opacity":"","overlay-gradient":""}},"footnotes":""},"class_list":["post-1976","page","type-page","status-publish","has-post-thumbnail","hentry"],"_links":{"self":[{"href":"https:\/\/www.sitekbe.com\/2025\/wp-json\/wp\/v2\/pages\/1976","targetHints":{"allow":["GET"]}}],"collection":[{"href":"https:\/\/www.sitekbe.com\/2025\/wp-json\/wp\/v2\/pages"}],"about":[{"href":"https:\/\/www.sitekbe.com\/2025\/wp-json\/wp\/v2\/types\/page"}],"author":[{"embeddable":true,"href":"https:\/\/www.sitekbe.com\/2025\/wp-json\/wp\/v2\/users\/5"}],"replies":[{"embeddable":true,"href":"https:\/\/www.sitekbe.com\/2025\/wp-json\/wp\/v2\/comments?post=1976"}],"version-history":[{"count":0,"href":"https:\/\/www.sitekbe.com\/2025\/wp-json\/wp\/v2\/pages\/1976\/revisions"}],"wp:featuredmedia":[{"embeddable":true,"href":"https:\/\/www.sitekbe.com\/2025\/wp-json\/wp\/v2\/media\/1224"}],"wp:attachment":[{"href":"https:\/\/www.sitekbe.com\/2025\/wp-json\/wp\/v2\/media?parent=1976"}],"curies":[{"name":"wp","href":"https:\/\/api.w.org\/{rel}","templated":true}]}}