{"id":1960,"date":"2026-02-08T22:21:45","date_gmt":"2026-02-08T21:21:45","guid":{"rendered":"https:\/\/www.sitekbe.com\/2025\/?page_id=1960"},"modified":"2026-02-21T15:18:45","modified_gmt":"2026-02-21T14:18:45","slug":"politique-de-confidentialite","status":"publish","type":"page","link":"https:\/\/www.sitekbe.com\/2025\/politique-de-confidentialite\/","title":{"rendered":"Politique de confidentialit\u00e9"},"content":{"rendered":"\t\t<div data-elementor-type=\"wp-page\" data-elementor-id=\"1960\" class=\"elementor elementor-1960\" data-elementor-post-type=\"page\">\n\t\t\t\t<div class=\"elementor-element elementor-element-3963ae18 e-con-full e-flex e-con e-parent\" data-id=\"3963ae18\" data-element_type=\"container\" data-e-type=\"container\" data-settings=\"{&quot;background_background&quot;:&quot;classic&quot;}\">\n\t\t\t\t<div class=\"elementor-element elementor-element-27295d77 elementor-widget__width-initial elementor-widget elementor-widget-heading\" data-id=\"27295d77\" data-element_type=\"widget\" data-e-type=\"widget\" data-widget_type=\"heading.default\">\n\t\t\t\t<div class=\"elementor-widget-container\">\n\t\t\t\t\t<h2 class=\"elementor-heading-title elementor-size-default\">Politique de confidentialit\u00e9<\/h2>\t\t\t\t<\/div>\n\t\t\t\t<\/div>\n\t\t\t\t<\/div>\n\t\t<div class=\"elementor-element elementor-element-fb99e46 e-flex e-con-boxed e-con e-parent\" data-id=\"fb99e46\" data-element_type=\"container\" data-e-type=\"container\">\n\t\t\t\t\t<div class=\"e-con-inner\">\n\t\t\t\t<div class=\"elementor-element elementor-element-d02c652 elementor-widget__width-initial elementor-widget elementor-widget-text-editor\" data-id=\"d02c652\" data-element_type=\"widget\" data-e-type=\"widget\" data-widget_type=\"text-editor.default\">\n\t\t\t\t<div class=\"elementor-widget-container\">\n\t\t\t\t\t\t\t\t\t<div class=\"elementor-element elementor-element-20320dc elementor-widget elementor-widget-text-editor\" data-id=\"20320dc\" data-element_type=\"widget\" data-e-type=\"widget\" data-widget_type=\"text-editor.default\"><div class=\"elementor-widget-container\"><p>Derni\u00e8re mise \u00e0 jour : 8 f\u00e9vrier 2026<\/p><\/div><\/div><p>La protection de vos donn\u00e9es personnelles est une priorit\u00e9. Cette page vous informe sur la mani\u00e8re dont nous traitons les informations que vous nous communiquez.<\/p>\t\t\t\t\t\t\t\t<\/div>\n\t\t\t\t<\/div>\n\t\t\t\t<div class=\"elementor-element elementor-element-bcd5cbe elementor-widget__width-initial elementor-widget elementor-widget-heading\" data-id=\"bcd5cbe\" data-element_type=\"widget\" data-e-type=\"widget\" data-widget_type=\"heading.default\">\n\t\t\t\t<div class=\"elementor-widget-container\">\n\t\t\t\t\t<h2 class=\"elementor-heading-title elementor-size-default\">Responsable du traitement<\/h2>\t\t\t\t<\/div>\n\t\t\t\t<\/div>\n\t\t\t\t<div class=\"elementor-element elementor-element-5309d25 elementor-widget__width-initial elementor-widget elementor-widget-text-editor\" data-id=\"5309d25\" data-element_type=\"widget\" data-e-type=\"widget\" data-widget_type=\"text-editor.default\">\n\t\t\t\t<div class=\"elementor-widget-container\">\n\t\t\t\t\t\t\t\t\t<p>Les donn\u00e9es sont collect\u00e9es par l&rsquo;association Kreiz Breizh Elites, dont le si\u00e8ge social est situ\u00e9 \u00e0 Place de la tour d&rsquo;Auvergne, 29270 CARHAIX-PLOUGUER FRANCE.<\/p>\t\t\t\t\t\t\t\t<\/div>\n\t\t\t\t<\/div>\n\t\t\t\t<div class=\"elementor-element elementor-element-33fa20d elementor-widget__width-initial elementor-widget elementor-widget-heading\" data-id=\"33fa20d\" data-element_type=\"widget\" data-e-type=\"widget\" data-widget_type=\"heading.default\">\n\t\t\t\t<div class=\"elementor-widget-container\">\n\t\t\t\t\t<h2 class=\"elementor-heading-title elementor-size-default\">Donn\u00e9es collect\u00e9es et finalit\u00e9s<\/h2>\t\t\t\t<\/div>\n\t\t\t\t<\/div>\n\t\t\t\t<div class=\"elementor-element elementor-element-b112fe9 elementor-widget__width-initial elementor-widget elementor-widget-text-editor\" data-id=\"b112fe9\" data-element_type=\"widget\" data-e-type=\"widget\" data-widget_type=\"text-editor.default\">\n\t\t\t\t<div class=\"elementor-widget-container\">\n\t\t\t\t\t\t\t\t\t<p>Nous collectons des donn\u00e9es lorsque vous utilisez notre site, notamment via les formulaires de contact ou l&rsquo;inscription \u00e0 la newsletter. Les informations recueillies peuvent inclure :<\/p>\n<ul>\n<li>identit\u00e9 : nom, pr\u00e9nom<\/li>\n<li>contact : adresse email, num\u00e9ro de t\u00e9l\u00e9phone, adresse postale<\/li>\n<li>Donn\u00e9e professionnelle : nom de l&#8217;employeur<\/li>\n<\/ul>\n<p data-path-to-node=\"21\">Ces donn\u00e9es sont utilis\u00e9es exclusivement pour :<\/p>\n<ol start=\"1\" data-path-to-node=\"22\">\n<li>\n<p data-path-to-node=\"22,0,0\">R\u00e9pondre \u00e0 vos demandes de contact.<\/p>\n<\/li>\n<li>\n<p data-path-to-node=\"22,1,0\">Envoyer des informations ou offres promotionnelles (uniquement avec votre consentement).<\/p>\n<\/li>\n<li>\n<p data-path-to-node=\"22,2,0\">Assurer la s\u00e9curit\u00e9 et l&rsquo;am\u00e9lioration de la navigation sur le site.<\/p>\n<\/li>\n<\/ol>\t\t\t\t\t\t\t\t<\/div>\n\t\t\t\t<\/div>\n\t\t\t\t<div class=\"elementor-element elementor-element-2c03ef5 elementor-widget__width-initial elementor-widget elementor-widget-heading\" data-id=\"2c03ef5\" data-element_type=\"widget\" data-e-type=\"widget\" data-widget_type=\"heading.default\">\n\t\t\t\t<div class=\"elementor-widget-container\">\n\t\t\t\t\t<h2 class=\"elementor-heading-title elementor-size-default\">Dur\u00e9e de conservation<\/h2>\t\t\t\t<\/div>\n\t\t\t\t<\/div>\n\t\t\t\t<div class=\"elementor-element elementor-element-39ab768 elementor-widget__width-initial elementor-widget elementor-widget-text-editor\" data-id=\"39ab768\" data-element_type=\"widget\" data-e-type=\"widget\" data-widget_type=\"text-editor.default\">\n\t\t\t\t<div class=\"elementor-widget-container\">\n\t\t\t\t\t\t\t\t\t<p>Vos donn\u00e9es personnelles sont conserv\u00e9es pour la dur\u00e9e strictement n\u00e9cessaire \u00e0 la finalit\u00e9 du traitement :<\/p><ul><li>Demande de contact : 1 ans apr\u00e8s le dernier \u00e9change.<\/li><li>Donn\u00e9es de navigation : 13 mois maximum.<\/li><\/ul>\t\t\t\t\t\t\t\t<\/div>\n\t\t\t\t<\/div>\n\t\t\t\t<div class=\"elementor-element elementor-element-9a31451 elementor-widget__width-initial elementor-widget elementor-widget-heading\" data-id=\"9a31451\" data-element_type=\"widget\" data-e-type=\"widget\" data-widget_type=\"heading.default\">\n\t\t\t\t<div class=\"elementor-widget-container\">\n\t\t\t\t\t<h2 class=\"elementor-heading-title elementor-size-default\">Vos droits<\/h2>\t\t\t\t<\/div>\n\t\t\t\t<\/div>\n\t\t\t\t<div class=\"elementor-element elementor-element-a48ba3e elementor-widget__width-initial elementor-widget elementor-widget-text-editor\" data-id=\"a48ba3e\" data-element_type=\"widget\" data-e-type=\"widget\" data-widget_type=\"text-editor.default\">\n\t\t\t\t<div class=\"elementor-widget-container\">\n\t\t\t\t\t\t\t\t\t<p>Conform\u00e9ment au RGPD, vous disposez des droits suivants :<\/p><ul><li>droit d&rsquo;acc\u00e8s, de rectification et d&rsquo;effacement de vos donn\u00e9es.<\/li><li>droit \u00e0 la limitation et \u00e0 l&rsquo;opposition au traitement.<\/li><li>droit \u00e0 la portabilit\u00e9 des donn\u00e9es.<\/li><\/ul><p>Pour exercer ces droits, contactez-nous \u00e0 :<\/p><ul><li>par mail : contact@sitekbe.com<\/li><li>par boite postale : Kreiz Breizh Elites, Place de la tour d&rsquo;Auvergne, 29270 CARHAIX-PLOUGUER FRANCE<\/li><\/ul><p>Si vous estimez que vos droits ne sont pas respect\u00e9s, vous pouvez d\u00e9poser une r\u00e9clamation aupr\u00e8s de la CNIL\u00a0(<a class=\"\" href=\"https:\/\/www.cnil.fr\/\" target=\"_new\" rel=\"noopener\" data-start=\"3531\" data-end=\"3565\">www.cnil.fr<\/a>).<\/p>\t\t\t\t\t\t\t\t<\/div>\n\t\t\t\t<\/div>\n\t\t\t\t\t<\/div>\n\t\t\t\t<\/div>\n\t\t\t\t<\/div>\n\t\t","protected":false},"excerpt":{"rendered":"<p>Politique de confidentialit\u00e9 Derni\u00e8re mise \u00e0 jour : 8 f\u00e9vrier 2026 La protection de vos donn\u00e9es personnelles est une priorit\u00e9. [&hellip;]<\/p>\n","protected":false},"author":5,"featured_media":1224,"parent":0,"menu_order":0,"comment_status":"closed","ping_status":"closed","template":"elementor_header_footer","meta":{"_sitemap_exclude":false,"_sitemap_priority":"","_sitemap_frequency":"","site-sidebar-layout":"default","site-content-layout":"","ast-site-content-layout":"full-width-container","site-content-style":"default","site-sidebar-style":"default","ast-global-header-display":"","ast-banner-title-visibility":"","ast-main-header-display":"","ast-hfb-above-header-display":"","ast-hfb-below-header-display":"","ast-hfb-mobile-header-display":"","site-post-title":"","ast-breadcrumbs-content":"","ast-featured-img":"","footer-sml-layout":"","ast-disable-related-posts":"","theme-transparent-header-meta":"","adv-header-id-meta":"","stick-header-meta":"","header-above-stick-meta":"","header-main-stick-meta":"","header-below-stick-meta":"","astra-migrate-meta-layouts":"default","ast-page-background-enabled":"default","ast-page-background-meta":{"desktop":{"background-color":"var(--ast-global-color-5)","background-image":"","background-repeat":"repeat","background-position":"center center","background-size":"auto","background-attachment":"scroll","background-type":"","background-media":"","overlay-type":"","overlay-color":"","overlay-opacity":"","overlay-gradient":""},"tablet":{"background-color":"","background-image":"","background-repeat":"repeat","background-position":"center center","background-size":"auto","background-attachment":"scroll","background-type":"","background-media":"","overlay-type":"","overlay-color":"","overlay-opacity":"","overlay-gradient":""},"mobile":{"background-color":"","background-image":"","background-repeat":"repeat","background-position":"center center","background-size":"auto","background-attachment":"scroll","background-type":"","background-media":"","overlay-type":"","overlay-color":"","overlay-opacity":"","overlay-gradient":""}},"ast-content-background-meta":{"desktop":{"background-color":"var(--ast-global-color-4)","background-image":"","background-repeat":"repeat","background-position":"center center","background-size":"auto","background-attachment":"scroll","background-type":"","background-media":"","overlay-type":"","overlay-color":"","overlay-opacity":"","overlay-gradient":""},"tablet":{"background-color":"var(--ast-global-color-4)","background-image":"","background-repeat":"repeat","background-position":"center center","background-size":"auto","background-attachment":"scroll","background-type":"","background-media":"","overlay-type":"","overlay-color":"","overlay-opacity":"","overlay-gradient":""},"mobile":{"background-color":"var(--ast-global-color-4)","background-image":"","background-repeat":"repeat","background-position":"center center","background-size":"auto","background-attachment":"scroll","background-type":"","background-media":"","overlay-type":"","overlay-color":"","overlay-opacity":"","overlay-gradient":""}},"footnotes":""},"class_list":["post-1960","page","type-page","status-publish","has-post-thumbnail","hentry"],"_links":{"self":[{"href":"https:\/\/www.sitekbe.com\/2025\/wp-json\/wp\/v2\/pages\/1960","targetHints":{"allow":["GET"]}}],"collection":[{"href":"https:\/\/www.sitekbe.com\/2025\/wp-json\/wp\/v2\/pages"}],"about":[{"href":"https:\/\/www.sitekbe.com\/2025\/wp-json\/wp\/v2\/types\/page"}],"author":[{"embeddable":true,"href":"https:\/\/www.sitekbe.com\/2025\/wp-json\/wp\/v2\/users\/5"}],"replies":[{"embeddable":true,"href":"https:\/\/www.sitekbe.com\/2025\/wp-json\/wp\/v2\/comments?post=1960"}],"version-history":[{"count":0,"href":"https:\/\/www.sitekbe.com\/2025\/wp-json\/wp\/v2\/pages\/1960\/revisions"}],"wp:featuredmedia":[{"embeddable":true,"href":"https:\/\/www.sitekbe.com\/2025\/wp-json\/wp\/v2\/media\/1224"}],"wp:attachment":[{"href":"https:\/\/www.sitekbe.com\/2025\/wp-json\/wp\/v2\/media?parent=1960"}],"curies":[{"name":"wp","href":"https:\/\/api.w.org\/{rel}","templated":true}]}}